{"id":79,"date":"2019-05-06T16:11:45","date_gmt":"2019-05-06T09:11:45","guid":{"rendered":"https:\/\/ldmtpro.com\/?page_id=79"},"modified":"2019-08-13T15:23:55","modified_gmt":"2019-08-13T08:23:55","slug":"vat-lieu-nano","status":"publish","type":"page","link":"https:\/\/ldmtpro.com\/vi\/vat-lieu-nano\/","title":{"rendered":"V\u1eacT LI\u1ec6U C\u1ea4U TR\u00daC TH\u1ea4P CHI\u1ec0U"},"content":{"rendered":"<p style=\"text-align: justify;\">Ngo\u00e0i ra c\u00f2n c\u00f3 v\u1eadt li\u1ec7u c\u00f3 c\u1ea5u tr\u00fac nano hay nanocomposite trong \u0111\u00f3 ch\u1ec9 c\u00f3 m\u1ed9t ph\u1ea7n c\u1ee7a v\u1eadt li\u1ec7u c\u00f3 k\u00edch th\u01b0\u1edbc nm, ho\u1eb7c c\u1ea5u tr\u00fac c\u1ee7a n\u00f3 c\u00f3 nano kh\u00f4ng chi\u1ec1u, m\u1ed9t chi\u1ec1u, hai chi\u1ec1u \u0111an xen l\u1eabn nhau.<\/p>\n<p>&nbsp;<\/p>\n<p><strong>C\u01a1 s\u1edf khoa h\u1ecdc c\u1ee7a c\u00f4ng ngh\u1ec7 nano: C\u00f3 ba c\u01a1 s\u1edf khoa h\u1ecdc \u0111\u1ec3 nghi\u00ean c\u1ee9u c\u00f4ng ngh\u1ec7 nano.<\/strong><\/p>\n<ul>\n<li style=\"text-align: justify;\">Chuy\u1ec3n ti\u1ebfp t\u1eeb t\u00ednh ch\u1ea5t c\u1ed5 \u0111i\u1ec3n \u0111\u1ebfn t\u00ednh ch\u1ea5t l\u01b0\u1ee3ng t\u1eed<br \/>\n\u0110\u1ed1i v\u1edbi v\u1eadt li\u1ec7u v\u0129 m\u00f4 g\u1ed3m r\u1ea5t nhi\u1ec1u nguy\u00ean t\u1eed, c\u00e1c hi\u1ec7u \u1ee9ng l\u01b0\u1ee3ng t\u1eed \u0111\u01b0\u1ee3c trung b\u00ecnh h\u00f3a v\u1edbi r\u1ea5t nhi\u1ec1u nguy\u00ean t\u1eed (1 \u00b5m3 c\u00f3 kho\u1ea3ng 1012 nguy\u00ean t\u1eed) v\u00e0 c\u00f3 th\u1ec3 b\u1ecf qua c\u00e1c th\u0103ng gi\u00e1ng ng\u1eabu nhi\u00ean. Nh\u01b0ng c\u00e1c c\u1ea5u tr\u00fac nano c\u00f3 \u00edt nguy\u00ean t\u1eed h\u01a1n th\u00ec c\u00e1c t\u00ednh ch\u1ea5t l\u01b0\u1ee3ng t\u1eed th\u1ec3 hi\u1ec7n r\u00f5 r\u00e0ng h\u01a1n. V\u00ed d\u1ee5 m\u1ed9t ch\u1ea5m l\u01b0\u1ee3ng t\u1eed c\u00f3 th\u1ec3 \u0111\u01b0\u1ee3c coi nh\u01b0 m\u1ed9t \u0111\u1ea1i nguy\u00ean t\u1eed, n\u00f3 c\u00f3 c\u00e1c m\u1ee9c n\u0103ng l\u01b0\u1ee3ng gi\u1ed1ng nh\u01b0 m\u1ed9t nguy\u00ean t\u1eed.<\/li>\n<li style=\"text-align: justify;\">Hi\u1ec7u \u1ee9ng b\u1ec1 m\u1eb7t<br \/>\nKhi v\u1eadt li\u1ec7u c\u00f3 k\u00edch th\u01b0\u1edbc nm, c\u00e1c s\u1ed1 nguy\u00ean t\u1eed n\u1eb1m tr\u00ean b\u1ec1 m\u1eb7t s\u1ebd chi\u1ebfm t\u1ec9 l\u1ec7 \u0111\u00e1ng k\u1ec3 so v\u1edbi t\u1ed5ng s\u1ed1 nguy\u00ean t\u1eed. Ch\u00ednh v\u00ec v\u1eady c\u00e1c hi\u1ec7u \u1ee9ng c\u00f3 li\u00ean quan \u0111\u1ebfn b\u1ec1 m\u1eb7t, g\u1ecdi t\u1eaft l\u00e0 hi\u1ec7u \u1ee9ng b\u1ec1 m\u1eb7t s\u1ebd tr\u1edf n\u00ean quan tr\u1ecdng l\u00e0m cho t\u00ednh ch\u1ea5t c\u1ee7a v\u1eadt li\u1ec7u c\u00f3 k\u00edch th\u01b0\u1edbc nanomet kh\u00e1c bi\u1ec7t so v\u1edbi v\u1eadt li\u1ec7u \u1edf d\u1ea1ng kh\u1ed1i.<\/li>\n<li style=\"text-align: justify;\">K\u00edch th\u01b0\u1edbc t\u1edbi h\u1ea1n<br \/>\nC\u00e1c t\u00ednh ch\u1ea5t v\u1eadt l\u00fd, h\u00f3a h\u1ecdc c\u1ee7a c\u00e1c v\u1eadt li\u1ec7u \u0111\u1ec1u c\u00f3 m\u1ed9t gi\u1edbi h\u1ea1n v\u1ec1 k\u00edch th\u01b0\u1edbc. N\u1ebfu v\u1eadt li\u1ec7u m\u00e0 nh\u1ecf h\u01a1n k\u00edch th\u01b0\u1edbc n\u00e0y th\u00ec t\u00ednh ch\u1ea5t c\u1ee7a n\u00f3 ho\u00e0n to\u00e0n b\u1ecb thay \u0111\u1ed5i. Ng\u01b0\u1eddi ta g\u1ecdi \u0111\u00f3 l\u00e0 k\u00edch th\u01b0\u1edbc t\u1edbi h\u1ea1n. V\u1eadt li\u1ec7u nano c\u00f3 t\u00ednh ch\u1ea5t \u0111\u1eb7c bi\u1ec7t l\u00e0 do k\u00edch th\u01b0\u1edbc c\u1ee7a n\u00f3 c\u00f3 th\u1ec3 so s\u00e1nh \u0111\u01b0\u1ee3c v\u1edbi k\u00edch th\u01b0\u1edbc t\u1edbi h\u1ea1n c\u1ee7a c\u00e1c t\u00ednh ch\u1ea5t c\u1ee7a v\u1eadt li\u1ec7u. V\u00ed d\u1ee5 \u0111i\u1ec7n tr\u1edf c\u1ee7a m\u1ed9t kim lo\u1ea1i tu\u00e2n theo \u0111\u1ecbnh lu\u1eadt Ohm \u1edf k\u00edch th\u01b0\u1edbc v\u0129 m\u00f4 m\u00e0 ta th\u1ea5y h\u00e0ng ng\u00e0y. N\u1ebfu ta gi\u1ea3m k\u00edch th\u01b0\u1edbc c\u1ee7a v\u1eadt li\u1ec7u xu\u1ed1ng nh\u1ecf h\u01a1n qu\u00e3ng \u0111\u01b0\u1eddng t\u1ef1 do trung b\u00ecnh c\u1ee7a \u0111i\u1ec7n t\u1eed trong kim lo\u1ea1i, m\u00e0 th\u01b0\u1eddng c\u00f3 gi\u00e1 tr\u1ecb t\u1eeb v\u00e0i \u0111\u1ebfn v\u00e0i tr\u0103m nm, th\u00ec \u0111\u1ecbnh lu\u1eadt Ohm kh\u00f4ng c\u00f2n \u0111\u00fang n\u1eefa. L\u00fac \u0111\u00f3 \u0111i\u1ec7n tr\u1edf c\u1ee7a v\u1eadt c\u00f3 k\u00edch th\u01b0\u1edbc nano s\u1ebd tu\u00e2n theo c\u00e1c quy t\u1eafc l\u01b0\u1ee3ng t\u1eed. Kh\u00f4ng ph\u1ea3i b\u1ea5t c\u1ee9 v\u1eadt li\u1ec7u n\u00e0o c\u00f3 k\u00edch th\u01b0\u1edbc nano \u0111\u1ec1u c\u00f3 t\u00ednh ch\u1ea5t kh\u00e1c bi\u1ec7t m\u00e0 n\u00f3 ph\u1ee5 thu\u1ed9c v\u00e0o t\u00ednh ch\u1ea5t m\u00e0 n\u00f3 \u0111\u01b0\u1ee3c nghi\u00ean c\u1ee9u.<\/li>\n<\/ul>\n<p style=\"text-align: justify;\">C\u00e1c t\u00ednh ch\u1ea5t kh\u00e1c nh\u01b0 t\u00ednh ch\u1ea5t \u0111i\u1ec7n, t\u00ednh ch\u1ea5t t\u1eeb, t\u00ednh ch\u1ea5t quang v\u00e0 c\u00e1c t\u00ednh ch\u1ea5t h\u00f3a h\u1ecdc kh\u00e1c \u0111\u1ec1u c\u00f3 \u0111\u1ed9 d\u00e0i t\u1edbi h\u1ea1n trong kho\u1ea3ng nm. Ch\u00ednh v\u00ec th\u1ebf m\u00e0 ng\u01b0\u1eddi ta g\u1ecdi ng\u00e0nh khoa h\u1ecdc v\u00e0 c\u00f4ng ngh\u1ec7 li\u00ean quan l\u00e0 khoa h\u1ecdc nano v\u00e0 c\u00f4ng ngh\u1ec7 nano.<\/p>\n","protected":false},"excerpt":{"rendered":"<p>Ngo\u00e0i ra c\u00f2n c\u00f3 v\u1eadt li\u1ec7u c\u00f3 c\u1ea5u tr\u00fac nano hay nanocomposite trong \u0111\u00f3 ch\u1ec9 c\u00f3 m\u1ed9t ph\u1ea7n c\u1ee7a v\u1eadt li\u1ec7u c\u00f3 k\u00edch th\u01b0\u1edbc nm, ho\u1eb7c c\u1ea5u tr\u00fac c\u1ee7a n\u00f3 c\u00f3 nano kh\u00f4ng chi\u1ec1u, m\u1ed9t chi\u1ec1u, hai chi\u1ec1u \u0111an xen l\u1eabn nhau. &nbsp; C\u01a1 s\u1edf khoa h\u1ecdc c\u1ee7a c\u00f4ng ngh\u1ec7 nano: C\u00f3 ba c\u01a1 s\u1edf [&hellip;]<\/p>\n","protected":false},"author":1,"featured_media":0,"parent":0,"menu_order":0,"comment_status":"closed","ping_status":"closed","template":"page-templates\/page-about.php","meta":{"footnotes":""},"class_list":["post-79","page","type-page","status-publish","hentry"],"yoast_head":"<!-- This site is optimized with the Yoast SEO plugin v26.9 - https:\/\/yoast.com\/product\/yoast-seo-wordpress\/ -->\n<title>V\u1eacT LI\u1ec6U C\u1ea4U TR\u00daC TH\u1ea4P CHI\u1ec0U - LOW DIMENSIONAL MATERIAL PRODUCTS CO., LTD<\/title>\n<meta name=\"description\" content=\"Silver nanowire 16 nm, 25nm, 30nm, .... Copper nanowire nilken nanowire, nanosheet...\" \/>\n<meta name=\"robots\" content=\"index, follow, max-snippet:-1, max-image-preview:large, max-video-preview:-1\" \/>\n<link rel=\"canonical\" href=\"https:\/\/ldmtpro.com\/vi\/vat-lieu-nano\/\" \/>\n<meta property=\"og:locale\" content=\"vi_VN\" \/>\n<meta property=\"og:type\" content=\"article\" \/>\n<meta property=\"og:title\" content=\"V\u1eacT LI\u1ec6U C\u1ea4U TR\u00daC TH\u1ea4P CHI\u1ec0U - LOW DIMENSIONAL MATERIAL PRODUCTS CO., LTD\" \/>\n<meta property=\"og:description\" content=\"Silver nanowire 16 nm, 25nm, 30nm, .... Copper nanowire nilken nanowire, nanosheet...\" \/>\n<meta property=\"og:url\" content=\"https:\/\/ldmtpro.com\/vi\/vat-lieu-nano\/\" \/>\n<meta property=\"og:site_name\" content=\"LOW DIMENSIONAL MATERIAL PRODUCTS CO., LTD\" \/>\n<meta property=\"article:publisher\" content=\"https:\/\/www.facebook.com\/pages\/category\/Product-Service\/Low-Dimensional-Materials-Products-Coltd-2078496015589163\/\" \/>\n<meta property=\"article:modified_time\" content=\"2019-08-13T08:23:55+00:00\" \/>\n<meta name=\"twitter:card\" content=\"summary_large_image\" \/>\n<meta name=\"twitter:label1\" content=\"\u01af\u1edbc t\u00ednh th\u1eddi gian \u0111\u1ecdc\" \/>\n\t<meta name=\"twitter:data1\" content=\"4 ph\u00fat\" \/>\n<script type=\"application\/ld+json\" class=\"yoast-schema-graph\">{\"@context\":\"https:\/\/schema.org\",\"@graph\":[{\"@type\":\"WebPage\",\"@id\":\"https:\/\/ldmtpro.com\/vi\/vat-lieu-nano\/\",\"url\":\"https:\/\/ldmtpro.com\/vi\/vat-lieu-nano\/\",\"name\":\"V\u1eacT LI\u1ec6U C\u1ea4U TR\u00daC TH\u1ea4P CHI\u1ec0U - LOW DIMENSIONAL MATERIAL PRODUCTS CO., LTD\",\"isPartOf\":{\"@id\":\"https:\/\/ldmtpro.com\/#website\"},\"datePublished\":\"2019-05-06T09:11:45+00:00\",\"dateModified\":\"2019-08-13T08:23:55+00:00\",\"description\":\"Silver nanowire 16 nm, 25nm, 30nm, .... Copper nanowire nilken nanowire, nanosheet...\",\"breadcrumb\":{\"@id\":\"https:\/\/ldmtpro.com\/vi\/vat-lieu-nano\/#breadcrumb\"},\"inLanguage\":\"vi\",\"potentialAction\":[{\"@type\":\"ReadAction\",\"target\":[\"https:\/\/ldmtpro.com\/vi\/vat-lieu-nano\/\"]}]},{\"@type\":\"BreadcrumbList\",\"@id\":\"https:\/\/ldmtpro.com\/vi\/vat-lieu-nano\/#breadcrumb\",\"itemListElement\":[{\"@type\":\"ListItem\",\"position\":1,\"name\":\"Trang ch\u1ee7\",\"item\":\"https:\/\/ldmtpro.com\/vi\/\"},{\"@type\":\"ListItem\",\"position\":2,\"name\":\"V\u1eacT LI\u1ec6U C\u1ea4U TR\u00daC TH\u1ea4P CHI\u1ec0U\"}]},{\"@type\":\"WebSite\",\"@id\":\"https:\/\/ldmtpro.com\/#website\",\"url\":\"https:\/\/ldmtpro.com\/\",\"name\":\"LOW DIMENSIONAL MATERIAL PRODUCTS CO., LTD\",\"description\":\"LOW DIMENSIONAL MATERIAL PRODUCTS CO., LTD\",\"publisher\":{\"@id\":\"https:\/\/ldmtpro.com\/#organization\"},\"potentialAction\":[{\"@type\":\"SearchAction\",\"target\":{\"@type\":\"EntryPoint\",\"urlTemplate\":\"https:\/\/ldmtpro.com\/?s={search_term_string}\"},\"query-input\":{\"@type\":\"PropertyValueSpecification\",\"valueRequired\":true,\"valueName\":\"search_term_string\"}}],\"inLanguage\":\"vi\"},{\"@type\":\"Organization\",\"@id\":\"https:\/\/ldmtpro.com\/#organization\",\"name\":\"Low Dimensional Material Products Co. Ltd\",\"url\":\"https:\/\/ldmtpro.com\/\",\"logo\":{\"@type\":\"ImageObject\",\"inLanguage\":\"vi\",\"@id\":\"https:\/\/ldmtpro.com\/#\/schema\/logo\/image\/\",\"url\":\"https:\/\/ldmtpro.com\/wp-content\/uploads\/2019\/07\/LOGO-2-logo-tren.jpg\",\"contentUrl\":\"https:\/\/ldmtpro.com\/wp-content\/uploads\/2019\/07\/LOGO-2-logo-tren.jpg\",\"width\":100,\"height\":58,\"caption\":\"Low Dimensional Material Products Co. Ltd\"},\"image\":{\"@id\":\"https:\/\/ldmtpro.com\/#\/schema\/logo\/image\/\"},\"sameAs\":[\"https:\/\/www.facebook.com\/pages\/category\/Product-Service\/Low-Dimensional-Materials-Products-Coltd-2078496015589163\/\"]}]}<\/script>\n<!-- \/ Yoast SEO plugin. -->","yoast_head_json":{"title":"V\u1eacT LI\u1ec6U C\u1ea4U TR\u00daC TH\u1ea4P CHI\u1ec0U - LOW DIMENSIONAL MATERIAL PRODUCTS CO., LTD","description":"Silver nanowire 16 nm, 25nm, 30nm, .... Copper nanowire nilken nanowire, nanosheet...","robots":{"index":"index","follow":"follow","max-snippet":"max-snippet:-1","max-image-preview":"max-image-preview:large","max-video-preview":"max-video-preview:-1"},"canonical":"https:\/\/ldmtpro.com\/vi\/vat-lieu-nano\/","og_locale":"vi_VN","og_type":"article","og_title":"V\u1eacT LI\u1ec6U C\u1ea4U TR\u00daC TH\u1ea4P CHI\u1ec0U - LOW DIMENSIONAL MATERIAL PRODUCTS CO., LTD","og_description":"Silver nanowire 16 nm, 25nm, 30nm, .... Copper nanowire nilken nanowire, nanosheet...","og_url":"https:\/\/ldmtpro.com\/vi\/vat-lieu-nano\/","og_site_name":"LOW DIMENSIONAL MATERIAL PRODUCTS CO., LTD","article_publisher":"https:\/\/www.facebook.com\/pages\/category\/Product-Service\/Low-Dimensional-Materials-Products-Coltd-2078496015589163\/","article_modified_time":"2019-08-13T08:23:55+00:00","twitter_card":"summary_large_image","twitter_misc":{"\u01af\u1edbc t\u00ednh th\u1eddi gian \u0111\u1ecdc":"4 ph\u00fat"},"schema":{"@context":"https:\/\/schema.org","@graph":[{"@type":"WebPage","@id":"https:\/\/ldmtpro.com\/vi\/vat-lieu-nano\/","url":"https:\/\/ldmtpro.com\/vi\/vat-lieu-nano\/","name":"V\u1eacT LI\u1ec6U C\u1ea4U TR\u00daC TH\u1ea4P CHI\u1ec0U - LOW DIMENSIONAL MATERIAL PRODUCTS CO., LTD","isPartOf":{"@id":"https:\/\/ldmtpro.com\/#website"},"datePublished":"2019-05-06T09:11:45+00:00","dateModified":"2019-08-13T08:23:55+00:00","description":"Silver nanowire 16 nm, 25nm, 30nm, .... Copper nanowire nilken nanowire, nanosheet...","breadcrumb":{"@id":"https:\/\/ldmtpro.com\/vi\/vat-lieu-nano\/#breadcrumb"},"inLanguage":"vi","potentialAction":[{"@type":"ReadAction","target":["https:\/\/ldmtpro.com\/vi\/vat-lieu-nano\/"]}]},{"@type":"BreadcrumbList","@id":"https:\/\/ldmtpro.com\/vi\/vat-lieu-nano\/#breadcrumb","itemListElement":[{"@type":"ListItem","position":1,"name":"Trang ch\u1ee7","item":"https:\/\/ldmtpro.com\/vi\/"},{"@type":"ListItem","position":2,"name":"V\u1eacT LI\u1ec6U C\u1ea4U TR\u00daC TH\u1ea4P CHI\u1ec0U"}]},{"@type":"WebSite","@id":"https:\/\/ldmtpro.com\/#website","url":"https:\/\/ldmtpro.com\/","name":"LOW DIMENSIONAL MATERIAL PRODUCTS CO., LTD","description":"LOW DIMENSIONAL MATERIAL PRODUCTS CO., LTD","publisher":{"@id":"https:\/\/ldmtpro.com\/#organization"},"potentialAction":[{"@type":"SearchAction","target":{"@type":"EntryPoint","urlTemplate":"https:\/\/ldmtpro.com\/?s={search_term_string}"},"query-input":{"@type":"PropertyValueSpecification","valueRequired":true,"valueName":"search_term_string"}}],"inLanguage":"vi"},{"@type":"Organization","@id":"https:\/\/ldmtpro.com\/#organization","name":"Low Dimensional Material Products Co. Ltd","url":"https:\/\/ldmtpro.com\/","logo":{"@type":"ImageObject","inLanguage":"vi","@id":"https:\/\/ldmtpro.com\/#\/schema\/logo\/image\/","url":"https:\/\/ldmtpro.com\/wp-content\/uploads\/2019\/07\/LOGO-2-logo-tren.jpg","contentUrl":"https:\/\/ldmtpro.com\/wp-content\/uploads\/2019\/07\/LOGO-2-logo-tren.jpg","width":100,"height":58,"caption":"Low Dimensional Material Products Co. Ltd"},"image":{"@id":"https:\/\/ldmtpro.com\/#\/schema\/logo\/image\/"},"sameAs":["https:\/\/www.facebook.com\/pages\/category\/Product-Service\/Low-Dimensional-Materials-Products-Coltd-2078496015589163\/"]}]}},"_links":{"self":[{"href":"https:\/\/ldmtpro.com\/vi\/wp-json\/wp\/v2\/pages\/79","targetHints":{"allow":["GET"]}}],"collection":[{"href":"https:\/\/ldmtpro.com\/vi\/wp-json\/wp\/v2\/pages"}],"about":[{"href":"https:\/\/ldmtpro.com\/vi\/wp-json\/wp\/v2\/types\/page"}],"author":[{"embeddable":true,"href":"https:\/\/ldmtpro.com\/vi\/wp-json\/wp\/v2\/users\/1"}],"replies":[{"embeddable":true,"href":"https:\/\/ldmtpro.com\/vi\/wp-json\/wp\/v2\/comments?post=79"}],"version-history":[{"count":0,"href":"https:\/\/ldmtpro.com\/vi\/wp-json\/wp\/v2\/pages\/79\/revisions"}],"wp:attachment":[{"href":"https:\/\/ldmtpro.com\/vi\/wp-json\/wp\/v2\/media?parent=79"}],"curies":[{"name":"wp","href":"https:\/\/api.w.org\/{rel}","templated":true}]}}